{"id":13920,"date":"2023-06-09T22:17:35","date_gmt":"2023-06-09T22:17:35","guid":{"rendered":"http:\/\/box2541.temp.domains\/~tlntndmy\/.website_89434cfe\/news\/"},"modified":"2024-10-03T13:52:30","modified_gmt":"2024-10-03T13:52:30","slug":"news","status":"publish","type":"page","link":"https:\/\/dfront.pt\/en\/news\/","title":{"rendered":"News"},"content":{"rendered":"[vc_row type=&#8221;full_width_background&#8221; full_screen_row_position=&#8221;middle&#8221; column_margin=&#8221;default&#8221; column_direction=&#8221;default&#8221; column_direction_tablet=&#8221;default&#8221; column_direction_phone=&#8221;default&#8221; bg_color=&#8221;#ffffff&#8221; scene_position=&#8221;center&#8221; top_padding=&#8221;10%&#8221; bottom_padding=&#8221;10%&#8221; top_padding_phone=&#8221;20%&#8221; text_color=&#8221;dark&#8221; text_align=&#8221;left&#8221; row_border_radius=&#8221;none&#8221; row_border_radius_applies=&#8221;bg&#8221; overflow=&#8221;visible&#8221; overlay_strength=&#8221;0.3&#8243; gradient_direction=&#8221;left_to_right&#8221; shape_divider_position=&#8221;bottom&#8221; bg_image_animation=&#8221;none&#8221; shape_type=&#8221;&#8221; gradient_type=&#8221;default&#8221;][vc_column column_padding=&#8221;no-extra-padding&#8221; column_padding_tablet=&#8221;inherit&#8221; column_padding_phone=&#8221;inherit&#8221; column_padding_position=&#8221;all&#8221; column_element_direction_desktop=&#8221;default&#8221; column_element_spacing=&#8221;default&#8221; desktop_text_alignment=&#8221;default&#8221; tablet_text_alignment=&#8221;default&#8221; phone_text_alignment=&#8221;default&#8221; background_color_opacity=&#8221;1&#8243; background_hover_color_opacity=&#8221;1&#8243; column_backdrop_filter=&#8221;none&#8221; column_shadow=&#8221;none&#8221; column_border_radius=&#8221;none&#8221; column_link_target=&#8221;_self&#8221; column_position=&#8221;default&#8221; gradient_direction=&#8221;left_to_right&#8221; overlay_strength=&#8221;0.3&#8243; width=&#8221;1\/1&#8243; tablet_width_inherit=&#8221;default&#8221; animation_type=&#8221;default&#8221; enable_animation=&#8221;true&#8221; animation=&#8221;fade-in-from-bottom&#8221; animation_easing=&#8221;default&#8221; bg_image_animation=&#8221;none&#8221; border_type=&#8221;simple&#8221; column_border_width=&#8221;none&#8221; column_border_style=&#8221;solid&#8221; column_padding_type=&#8221;default&#8221; gradient_type=&#8221;default&#8221;][vc_row_inner column_margin=&#8221;default&#8221; column_direction=&#8221;default&#8221; column_direction_tablet=&#8221;default&#8221; column_direction_phone=&#8221;default&#8221; top_padding_phone=&#8221;10%&#8221; bottom_padding_phone=&#8221;10%&#8221; text_align=&#8221;left&#8221; row_position=&#8221;default&#8221; row_position_tablet=&#8221;inherit&#8221; row_position_phone=&#8221;inherit&#8221; overflow=&#8221;visible&#8221; pointer_events=&#8221;all&#8221;][vc_column_inner column_padding=&#8221;no-extra-padding&#8221; column_padding_tablet=&#8221;inherit&#8221; column_padding_phone=&#8221;inherit&#8221; column_padding_position=&#8221;all&#8221; column_element_direction_desktop=&#8221;default&#8221; column_element_spacing=&#8221;default&#8221; desktop_text_alignment=&#8221;default&#8221; tablet_text_alignment=&#8221;default&#8221; phone_text_alignment=&#8221;default&#8221; background_color_opacity=&#8221;1&#8243; background_hover_color_opacity=&#8221;1&#8243; column_backdrop_filter=&#8221;none&#8221; column_shadow=&#8221;none&#8221; column_border_radius=&#8221;none&#8221; column_link_target=&#8221;_self&#8221; overflow=&#8221;visible&#8221; gradient_direction=&#8221;left_to_right&#8221; overlay_strength=&#8221;0.3&#8243; width=&#8221;1\/1&#8243; tablet_width_inherit=&#8221;default&#8221; animation_type=&#8221;default&#8221; bg_image_animation=&#8221;none&#8221; border_type=&#8221;simple&#8221; column_border_width=&#8221;none&#8221; column_border_style=&#8221;solid&#8221; column_padding_type=&#8221;default&#8221; gradient_type=&#8221;default&#8221;][nectar_blog layout=&#8221;masonry-blog-sidebar&#8221; blog_masonry_style=&#8221;inherit&#8221; enable_ss=&#8221;true&#8221; load_in_animation=&#8221;fade_in_from_bottom&#8221; category=&#8221;all&#8221; enable_pagination=&#8221;true&#8221; pagination_type=&#8221;infinite_scroll&#8221; order=&#8221;DESC&#8221; orderby=&#8221;date&#8221; blog_remove_post_date=&#8221;true&#8221; blog_remove_post_author=&#8221;true&#8221; blog_remove_post_comment_number=&#8221;true&#8221; blog_remove_post_nectar_love=&#8221;true&#8221;][\/vc_column_inner][\/vc_row_inner][\/vc_column][\/vc_row]\n","protected":false},"excerpt":{"rendered":"<p>[vc_row type=&#8221;full_width_background&#8221; full_screen_row_position=&#8221;middle&#8221; column_margin=&#8221;default&#8221; column_direction=&#8221;default&#8221; column_direction_tablet=&#8221;default&#8221; column_direction_phone=&#8221;default&#8221; bg_color=&#8221;#ffffff&#8221; scene_position=&#8221;center&#8221; top_padding=&#8221;10%&#8221; bottom_padding=&#8221;10%&#8221; top_padding_phone=&#8221;20%&#8221; text_color=&#8221;dark&#8221; text_align=&#8221;left&#8221; row_border_radius=&#8221;none&#8221; row_border_radius_applies=&#8221;bg&#8221; overflow=&#8221;visible&#8221; overlay_strength=&#8221;0.3&#8243; gradient_direction=&#8221;left_to_right&#8221; shape_divider_position=&#8221;bottom&#8221; bg_image_animation=&#8221;none&#8221; shape_type=&#8221;&#8221; gradient_type=&#8221;default&#8221;][vc_column column_padding=&#8221;no-extra-padding&#8221; column_padding_tablet=&#8221;inherit&#8221; column_padding_phone=&#8221;inherit&#8221; column_padding_position=&#8221;all&#8221; column_element_direction_desktop=&#8221;default&#8221; column_element_spacing=&#8221;default&#8221; desktop_text_alignment=&#8221;default&#8221;&#8230;<\/p>\n","protected":false},"author":3,"featured_media":0,"parent":0,"menu_order":0,"comment_status":"closed","ping_status":"closed","template":"","meta":{"_acf_changed":false,"nf_dc_page":"","inline_featured_image":false,"footnotes":""},"class_list":["post-13920","page","type-page","status-publish"],"acf":[],"yoast_head":"<!-- This site is optimized with the Yoast SEO plugin v27.4 - https:\/\/yoast.com\/product\/yoast-seo-wordpress\/ -->\n<title>News - D&#039;FRONT | Ag\u00eancia de Branding<\/title>\n<meta name=\"robots\" content=\"index, follow, max-snippet:-1, max-image-preview:large, max-video-preview:-1\" \/>\n<link rel=\"canonical\" href=\"https:\/\/dfront.pt\/en\/news\/\" \/>\n<meta property=\"og:locale\" content=\"en_US\" \/>\n<meta property=\"og:type\" content=\"article\" \/>\n<meta property=\"og:title\" content=\"News - D&#039;FRONT | Ag\u00eancia de Branding\" \/>\n<meta property=\"og:description\" content=\"[vc_row type=&#8221;full_width_background&#8221; full_screen_row_position=&#8221;middle&#8221; column_margin=&#8221;default&#8221; column_direction=&#8221;default&#8221; column_direction_tablet=&#8221;default&#8221; column_direction_phone=&#8221;default&#8221; bg_color=&#8221;#ffffff&#8221; scene_position=&#8221;center&#8221; top_padding=&#8221;10%&#8221; bottom_padding=&#8221;10%&#8221; top_padding_phone=&#8221;20%&#8221; text_color=&#8221;dark&#8221; text_align=&#8221;left&#8221; row_border_radius=&#8221;none&#8221; row_border_radius_applies=&#8221;bg&#8221; overflow=&#8221;visible&#8221; overlay_strength=&#8221;0.3&#8243; gradient_direction=&#8221;left_to_right&#8221; shape_divider_position=&#8221;bottom&#8221; bg_image_animation=&#8221;none&#8221; shape_type=&#8221;&#8221; gradient_type=&#8221;default&#8221;][vc_column column_padding=&#8221;no-extra-padding&#8221; column_padding_tablet=&#8221;inherit&#8221; column_padding_phone=&#8221;inherit&#8221; column_padding_position=&#8221;all&#8221; column_element_direction_desktop=&#8221;default&#8221; column_element_spacing=&#8221;default&#8221; desktop_text_alignment=&#8221;default&#8221;...\" \/>\n<meta property=\"og:url\" content=\"https:\/\/dfront.pt\/en\/news\/\" \/>\n<meta property=\"og:site_name\" content=\"D&#039;FRONT | Ag\u00eancia de Branding\" \/>\n<meta property=\"article:publisher\" content=\"https:\/\/www.facebook.com\/dfront\" \/>\n<meta property=\"article:modified_time\" content=\"2024-10-03T13:52:30+00:00\" \/>\n<meta property=\"og:image\" content=\"https:\/\/dfront.pt\/wp-content\/uploads\/2023\/08\/Facebook_graph-copy-806x423-1.jpg\" \/>\n\t<meta property=\"og:image:width\" content=\"806\" \/>\n\t<meta property=\"og:image:height\" content=\"423\" \/>\n\t<meta property=\"og:image:type\" content=\"image\/jpeg\" \/>\n<meta name=\"twitter:card\" content=\"summary_large_image\" \/>\n<meta name=\"twitter:site\" content=\"@dfront_\" \/>\n<meta name=\"twitter:label1\" content=\"Est. reading time\" \/>\n\t<meta name=\"twitter:data1\" content=\"2 minutes\" \/>\n<script type=\"application\/ld+json\" class=\"yoast-schema-graph\">{\"@context\":\"https:\\\/\\\/schema.org\",\"@graph\":[{\"@type\":\"WebPage\",\"@id\":\"https:\\\/\\\/dfront.pt\\\/en\\\/news\\\/\",\"url\":\"https:\\\/\\\/dfront.pt\\\/en\\\/news\\\/\",\"name\":\"News - D&#039;FRONT | Ag\u00eancia de Branding\",\"isPartOf\":{\"@id\":\"https:\\\/\\\/dfront.pt\\\/en\\\/#website\"},\"datePublished\":\"2023-06-09T22:17:35+00:00\",\"dateModified\":\"2024-10-03T13:52:30+00:00\",\"breadcrumb\":{\"@id\":\"https:\\\/\\\/dfront.pt\\\/en\\\/news\\\/#breadcrumb\"},\"inLanguage\":\"en-US\",\"potentialAction\":[{\"@type\":\"ReadAction\",\"target\":[\"https:\\\/\\\/dfront.pt\\\/en\\\/news\\\/\"]}]},{\"@type\":\"BreadcrumbList\",\"@id\":\"https:\\\/\\\/dfront.pt\\\/en\\\/news\\\/#breadcrumb\",\"itemListElement\":[{\"@type\":\"ListItem\",\"position\":1,\"name\":\"Home\",\"item\":\"https:\\\/\\\/dfront.pt\\\/en\\\/\"},{\"@type\":\"ListItem\",\"position\":2,\"name\":\"News\"}]},{\"@type\":\"WebSite\",\"@id\":\"https:\\\/\\\/dfront.pt\\\/en\\\/#website\",\"url\":\"https:\\\/\\\/dfront.pt\\\/en\\\/\",\"name\":\"D'FRONT\",\"description\":\"A D&#039;FRONT \u00e9 ag\u00eancia l\u00edder de design especializada em branding e focada na cria\u00e7\u00e3o e rejuvenescimento das marcas do amanh\u00e3.\",\"publisher\":{\"@id\":\"https:\\\/\\\/dfront.pt\\\/en\\\/#organization\"},\"alternateName\":\"Ag\u00eancia de Branding & Design\",\"potentialAction\":[{\"@type\":\"SearchAction\",\"target\":{\"@type\":\"EntryPoint\",\"urlTemplate\":\"https:\\\/\\\/dfront.pt\\\/en\\\/?s={search_term_string}\"},\"query-input\":{\"@type\":\"PropertyValueSpecification\",\"valueRequired\":true,\"valueName\":\"search_term_string\"}}],\"inLanguage\":\"en-US\"},{\"@type\":\"Organization\",\"@id\":\"https:\\\/\\\/dfront.pt\\\/en\\\/#organization\",\"name\":\"D'FRONT | Ag\u00eancia de Branding\",\"url\":\"https:\\\/\\\/dfront.pt\\\/en\\\/\",\"logo\":{\"@type\":\"ImageObject\",\"inLanguage\":\"en-US\",\"@id\":\"https:\\\/\\\/dfront.pt\\\/en\\\/#\\\/schema\\\/logo\\\/image\\\/\",\"url\":\"https:\\\/\\\/dfront.pt\\\/wp-content\\\/uploads\\\/2023\\\/10\\\/Logo_dfront.jpg\",\"contentUrl\":\"https:\\\/\\\/dfront.pt\\\/wp-content\\\/uploads\\\/2023\\\/10\\\/Logo_dfront.jpg\",\"width\":354,\"height\":70,\"caption\":\"D'FRONT | Ag\u00eancia de Branding\"},\"image\":{\"@id\":\"https:\\\/\\\/dfront.pt\\\/en\\\/#\\\/schema\\\/logo\\\/image\\\/\"},\"sameAs\":[\"https:\\\/\\\/www.facebook.com\\\/dfront\",\"https:\\\/\\\/x.com\\\/dfront_\",\"https:\\\/\\\/www.instagram.com\\\/d_front\\\/\"]}]}<\/script>\n<!-- \/ Yoast SEO plugin. -->","yoast_head_json":{"title":"News - D&#039;FRONT | Ag\u00eancia de Branding","robots":{"index":"index","follow":"follow","max-snippet":"max-snippet:-1","max-image-preview":"max-image-preview:large","max-video-preview":"max-video-preview:-1"},"canonical":"https:\/\/dfront.pt\/en\/news\/","og_locale":"en_US","og_type":"article","og_title":"News - D&#039;FRONT | Ag\u00eancia de Branding","og_description":"[vc_row type=&#8221;full_width_background&#8221; full_screen_row_position=&#8221;middle&#8221; column_margin=&#8221;default&#8221; column_direction=&#8221;default&#8221; column_direction_tablet=&#8221;default&#8221; column_direction_phone=&#8221;default&#8221; bg_color=&#8221;#ffffff&#8221; scene_position=&#8221;center&#8221; top_padding=&#8221;10%&#8221; bottom_padding=&#8221;10%&#8221; top_padding_phone=&#8221;20%&#8221; text_color=&#8221;dark&#8221; text_align=&#8221;left&#8221; row_border_radius=&#8221;none&#8221; row_border_radius_applies=&#8221;bg&#8221; overflow=&#8221;visible&#8221; overlay_strength=&#8221;0.3&#8243; gradient_direction=&#8221;left_to_right&#8221; shape_divider_position=&#8221;bottom&#8221; bg_image_animation=&#8221;none&#8221; shape_type=&#8221;&#8221; gradient_type=&#8221;default&#8221;][vc_column column_padding=&#8221;no-extra-padding&#8221; column_padding_tablet=&#8221;inherit&#8221; column_padding_phone=&#8221;inherit&#8221; column_padding_position=&#8221;all&#8221; column_element_direction_desktop=&#8221;default&#8221; column_element_spacing=&#8221;default&#8221; desktop_text_alignment=&#8221;default&#8221;...","og_url":"https:\/\/dfront.pt\/en\/news\/","og_site_name":"D&#039;FRONT | Ag\u00eancia de Branding","article_publisher":"https:\/\/www.facebook.com\/dfront","article_modified_time":"2024-10-03T13:52:30+00:00","og_image":[{"width":806,"height":423,"url":"https:\/\/dfront.pt\/wp-content\/uploads\/2023\/08\/Facebook_graph-copy-806x423-1.jpg","type":"image\/jpeg"}],"twitter_card":"summary_large_image","twitter_site":"@dfront_","twitter_misc":{"Est. reading time":"2 minutes"},"schema":{"@context":"https:\/\/schema.org","@graph":[{"@type":"WebPage","@id":"https:\/\/dfront.pt\/en\/news\/","url":"https:\/\/dfront.pt\/en\/news\/","name":"News - D&#039;FRONT | Ag\u00eancia de Branding","isPartOf":{"@id":"https:\/\/dfront.pt\/en\/#website"},"datePublished":"2023-06-09T22:17:35+00:00","dateModified":"2024-10-03T13:52:30+00:00","breadcrumb":{"@id":"https:\/\/dfront.pt\/en\/news\/#breadcrumb"},"inLanguage":"en-US","potentialAction":[{"@type":"ReadAction","target":["https:\/\/dfront.pt\/en\/news\/"]}]},{"@type":"BreadcrumbList","@id":"https:\/\/dfront.pt\/en\/news\/#breadcrumb","itemListElement":[{"@type":"ListItem","position":1,"name":"Home","item":"https:\/\/dfront.pt\/en\/"},{"@type":"ListItem","position":2,"name":"News"}]},{"@type":"WebSite","@id":"https:\/\/dfront.pt\/en\/#website","url":"https:\/\/dfront.pt\/en\/","name":"D'FRONT","description":"A D&#039;FRONT \u00e9 ag\u00eancia l\u00edder de design especializada em branding e focada na cria\u00e7\u00e3o e rejuvenescimento das marcas do amanh\u00e3.","publisher":{"@id":"https:\/\/dfront.pt\/en\/#organization"},"alternateName":"Ag\u00eancia de Branding & Design","potentialAction":[{"@type":"SearchAction","target":{"@type":"EntryPoint","urlTemplate":"https:\/\/dfront.pt\/en\/?s={search_term_string}"},"query-input":{"@type":"PropertyValueSpecification","valueRequired":true,"valueName":"search_term_string"}}],"inLanguage":"en-US"},{"@type":"Organization","@id":"https:\/\/dfront.pt\/en\/#organization","name":"D'FRONT | Ag\u00eancia de Branding","url":"https:\/\/dfront.pt\/en\/","logo":{"@type":"ImageObject","inLanguage":"en-US","@id":"https:\/\/dfront.pt\/en\/#\/schema\/logo\/image\/","url":"https:\/\/dfront.pt\/wp-content\/uploads\/2023\/10\/Logo_dfront.jpg","contentUrl":"https:\/\/dfront.pt\/wp-content\/uploads\/2023\/10\/Logo_dfront.jpg","width":354,"height":70,"caption":"D'FRONT | Ag\u00eancia de Branding"},"image":{"@id":"https:\/\/dfront.pt\/en\/#\/schema\/logo\/image\/"},"sameAs":["https:\/\/www.facebook.com\/dfront","https:\/\/x.com\/dfront_","https:\/\/www.instagram.com\/d_front\/"]}]}},"_links":{"self":[{"href":"https:\/\/dfront.pt\/en\/wp-json\/wp\/v2\/pages\/13920","targetHints":{"allow":["GET"]}}],"collection":[{"href":"https:\/\/dfront.pt\/en\/wp-json\/wp\/v2\/pages"}],"about":[{"href":"https:\/\/dfront.pt\/en\/wp-json\/wp\/v2\/types\/page"}],"author":[{"embeddable":true,"href":"https:\/\/dfront.pt\/en\/wp-json\/wp\/v2\/users\/3"}],"replies":[{"embeddable":true,"href":"https:\/\/dfront.pt\/en\/wp-json\/wp\/v2\/comments?post=13920"}],"version-history":[{"count":3,"href":"https:\/\/dfront.pt\/en\/wp-json\/wp\/v2\/pages\/13920\/revisions"}],"predecessor-version":[{"id":14973,"href":"https:\/\/dfront.pt\/en\/wp-json\/wp\/v2\/pages\/13920\/revisions\/14973"}],"wp:attachment":[{"href":"https:\/\/dfront.pt\/en\/wp-json\/wp\/v2\/media?parent=13920"}],"curies":[{"name":"wp","href":"https:\/\/api.w.org\/{rel}","templated":true}]}}