{"id":14217,"date":"2023-08-10T10:47:27","date_gmt":"2023-08-10T10:47:27","guid":{"rendered":"https:\/\/dfront.pt\/legal-notice\/"},"modified":"2023-09-02T13:36:46","modified_gmt":"2023-09-02T13:36:46","slug":"legal-notice","status":"publish","type":"page","link":"https:\/\/dfront.pt\/en\/legal-notice\/","title":{"rendered":"Legal Notice"},"content":{"rendered":"[vc_row type=&#8221;full_width_background&#8221; full_screen_row_position=&#8221;middle&#8221; column_margin=&#8221;default&#8221; column_direction=&#8221;default&#8221; column_direction_tablet=&#8221;default&#8221; column_direction_phone=&#8221;default&#8221; bg_color=&#8221;#000000&#8243; scene_position=&#8221;center&#8221; top_padding=&#8221;10%&#8221; bottom_padding=&#8221;10%&#8221; top_padding_phone=&#8221;10%&#8221; text_color=&#8221;light&#8221; text_align=&#8221;left&#8221; row_border_radius=&#8221;none&#8221; row_border_radius_applies=&#8221;bg&#8221; overflow=&#8221;visible&#8221; overlay_strength=&#8221;0.3&#8243; gradient_direction=&#8221;left_to_right&#8221; shape_divider_position=&#8221;bottom&#8221; bg_image_animation=&#8221;none&#8221; gradient_type=&#8221;default&#8221; shape_type=&#8221;&#8221;][vc_column column_padding=&#8221;no-extra-padding&#8221; column_padding_tablet=&#8221;inherit&#8221; column_padding_phone=&#8221;inherit&#8221; column_padding_position=&#8221;all&#8221; column_element_direction_desktop=&#8221;default&#8221; column_element_spacing=&#8221;default&#8221; desktop_text_alignment=&#8221;default&#8221; tablet_text_alignment=&#8221;default&#8221; phone_text_alignment=&#8221;default&#8221; background_color_opacity=&#8221;1&#8243; background_hover_color_opacity=&#8221;1&#8243; column_backdrop_filter=&#8221;none&#8221; column_shadow=&#8221;none&#8221; column_border_radius=&#8221;none&#8221; column_link_target=&#8221;_self&#8221; column_position=&#8221;default&#8221; gradient_direction=&#8221;left_to_right&#8221; overlay_strength=&#8221;0.3&#8243; width=&#8221;1\/1&#8243; tablet_width_inherit=&#8221;default&#8221; animation_type=&#8221;default&#8221; bg_image_animation=&#8221;none&#8221; border_type=&#8221;simple&#8221; column_border_width=&#8221;none&#8221; column_border_style=&#8221;solid&#8221;][vc_row_inner column_margin=&#8221;default&#8221; column_direction=&#8221;default&#8221; column_direction_tablet=&#8221;default&#8221; column_direction_phone=&#8221;default&#8221; bottom_padding=&#8221;5%&#8221; text_align=&#8221;left&#8221; row_position=&#8221;default&#8221; row_position_tablet=&#8221;inherit&#8221; row_position_phone=&#8221;inherit&#8221; overflow=&#8221;visible&#8221; pointer_events=&#8221;all&#8221;][vc_column_inner column_padding=&#8221;no-extra-padding&#8221; column_padding_tablet=&#8221;inherit&#8221; column_padding_phone=&#8221;inherit&#8221; column_padding_position=&#8221;all&#8221; column_element_direction_desktop=&#8221;default&#8221; column_element_spacing=&#8221;default&#8221; desktop_text_alignment=&#8221;default&#8221; tablet_text_alignment=&#8221;default&#8221; phone_text_alignment=&#8221;default&#8221; background_color_opacity=&#8221;1&#8243; background_hover_color_opacity=&#8221;1&#8243; column_backdrop_filter=&#8221;none&#8221; column_shadow=&#8221;none&#8221; column_border_radius=&#8221;none&#8221; column_link_target=&#8221;_self&#8221; overflow=&#8221;visible&#8221; gradient_direction=&#8221;left_to_right&#8221; overlay_strength=&#8221;0.3&#8243; width=&#8221;1\/1&#8243; tablet_width_inherit=&#8221;default&#8221; animation_type=&#8221;default&#8221; enable_animation=&#8221;true&#8221; animation=&#8221;fade-in-from-bottom&#8221; animation_easing=&#8221;default&#8221; bg_image_animation=&#8221;none&#8221; border_type=&#8221;simple&#8221; column_border_width=&#8221;none&#8221; column_border_style=&#8221;solid&#8221; column_padding_type=&#8221;default&#8221; gradient_type=&#8221;default&#8221;][vc_column_text]\n<h2>LEGAL NOTICE<\/h2>\n[\/vc_column_text][\/vc_column_inner][\/vc_row_inner][vc_row_inner column_margin=&#8221;default&#8221; column_direction=&#8221;default&#8221; column_direction_tablet=&#8221;default&#8221; column_direction_phone=&#8221;default&#8221; text_align=&#8221;left&#8221; row_position=&#8221;default&#8221; row_position_tablet=&#8221;inherit&#8221; row_position_phone=&#8221;inherit&#8221; overflow=&#8221;visible&#8221; pointer_events=&#8221;all&#8221;][vc_column_inner column_padding=&#8221;no-extra-padding&#8221; column_padding_tablet=&#8221;inherit&#8221; column_padding_phone=&#8221;inherit&#8221; column_padding_position=&#8221;all&#8221; column_element_direction_desktop=&#8221;default&#8221; column_element_spacing=&#8221;default&#8221; desktop_text_alignment=&#8221;default&#8221; tablet_text_alignment=&#8221;default&#8221; phone_text_alignment=&#8221;default&#8221; background_color_opacity=&#8221;1&#8243; background_hover_color_opacity=&#8221;1&#8243; column_backdrop_filter=&#8221;none&#8221; column_shadow=&#8221;none&#8221; column_border_radius=&#8221;none&#8221; column_link_target=&#8221;_self&#8221; overflow=&#8221;visible&#8221; gradient_direction=&#8221;left_to_right&#8221; overlay_strength=&#8221;0.3&#8243; width=&#8221;1\/4&#8243; tablet_width_inherit=&#8221;default&#8221; animation_type=&#8221;default&#8221; enable_animation=&#8221;true&#8221; animation=&#8221;fade-in-from-left&#8221; animation_easing=&#8221;default&#8221; bg_image_animation=&#8221;none&#8221; border_type=&#8221;simple&#8221; column_border_width=&#8221;none&#8221; column_border_style=&#8221;solid&#8221; column_padding_type=&#8221;default&#8221; gradient_type=&#8221;default&#8221;][\/vc_column_inner][vc_column_inner column_padding=&#8221;no-extra-padding&#8221; column_padding_tablet=&#8221;inherit&#8221; column_padding_phone=&#8221;inherit&#8221; column_padding_position=&#8221;all&#8221; column_element_direction_desktop=&#8221;default&#8221; column_element_spacing=&#8221;default&#8221; desktop_text_alignment=&#8221;default&#8221; tablet_text_alignment=&#8221;default&#8221; phone_text_alignment=&#8221;default&#8221; background_color_opacity=&#8221;1&#8243; background_hover_color_opacity=&#8221;1&#8243; column_backdrop_filter=&#8221;none&#8221; column_shadow=&#8221;none&#8221; column_border_radius=&#8221;none&#8221; column_link_target=&#8221;_self&#8221; overflow=&#8221;visible&#8221; gradient_direction=&#8221;left_to_right&#8221; overlay_strength=&#8221;0.3&#8243; width=&#8221;1\/2&#8243; tablet_width_inherit=&#8221;default&#8221; animation_type=&#8221;default&#8221; enable_animation=&#8221;true&#8221; animation=&#8221;fade-in-from-bottom&#8221; animation_easing=&#8221;default&#8221; bg_image_animation=&#8221;none&#8221; border_type=&#8221;simple&#8221; column_border_width=&#8221;none&#8221; column_border_style=&#8221;solid&#8221; column_padding_type=&#8221;default&#8221; gradient_type=&#8221;default&#8221;][vc_column_text]\n<div class=\"wpb_text_column wpb_content_element post-formatting \">\n<div class=\"wpb_wrapper\">\n<p>Please, we ask you to carefully read our legal notice on this website. This page was revised on August 10th, 2023.<\/p>\n<\/div>\n<\/div>\n<div class=\"wpb_text_column wpb_content_element post-formatting \">\n<div class=\"wpb_wrapper\">\n<h5><strong>Terms of Privacy Usage<\/strong><\/h5>\n<p>By accessing the website DFRONT.PT ( \u201cWebsite\u201d) agree to be bound by these Terms of Use &amp; Privacy Policy, so please read them carefully. If you disagree with these Terms of Use &amp; Privacy Policy should not access, view or enter data on this website. This website aims to provide institutional information about the company <a href=\"https:\/\/www.dfront.pt\/en\/\">d\u2019front<\/a> and their work done for our clients. All intellectual property rights relating to the available contents and information (text, images, trademarks and logos) belong exclusively to <a href=\"https:\/\/www.dfront.pt\/en\/\">d\u2019front<\/a> and your customers. It is forbidden to copy, reproduction, modification or distribution, in whole or in part, the contents of this website without the prior written consent of the <a href=\"https:\/\/www.dfront.pt\/en\/\">d\u2019front<\/a> except what is necessary to view the pages that make up this website and for private use and not commercial.<\/p>\n<p>\u201cd\u2019front\u201d\u00ae is a registered trademark. All trademarks, logos, domain names, product presentations or services are the property of <a href=\"https:\/\/www.dfront.pt\/en\/\">d\u2019front<\/a> and customers.<\/p>\n<p>The <a href=\"https:\/\/www.dfront.pt\/en\/\">d\u2019front<\/a> does not recognize rights of any material and\/or ideas that will be presented on this website by visitors without having been, for us previously requested. <a href=\"https:\/\/www.dfront.pt\/en\/\">d\u2019front<\/a> reserves the right to consider all the material sent through this website as non-confidential and not covered by intellectual property rights of others, can be used in advertising and promotions created by d\u2019front, which will not in any case considered as works made in collaboration, collective works or composite works.<\/p>\n<\/div>\n<\/div>\n<div class=\"wpb_text_column wpb_content_element post-formatting \">\n<div class=\"wpb_wrapper\">\n<h5><\/h5>\n<h5><strong>SECURITY<\/strong><\/h5>\n<p><a href=\"https:\/\/www.dfront.pt\/en\/\">d\u2019front<\/a> is not responsible or provide any warranties regarding the information provided through this Website. You can find links to access other websites, not being <a href=\"https:\/\/www.dfront.pt\/en\/\">d\u2019front<\/a> responsible for the content, accuracy, reliability and functionality of websites belonging to third parties. The <a href=\"https:\/\/www.dfront.pt\/en\/\">d\u2019front<\/a> does not assume responsibility for any interruptions in the presentation of the Website, by viruses or other damage that may be caused to users. It is strictly prohibited any connection between the Website dfront.pt and other websites without the prior written permission from d\u2019 front. If you suspect, this website, content that may infringe the copyright, please contact us immediately via the following addresses:<\/p>\n<\/div>\n<\/div>\n<div class=\"wpb_text_column wpb_content_element post-formatting \">\n<div class=\"wpb_wrapper\">\n<h5><\/h5>\n<p><strong>d\u2019front <\/strong><br \/>\n<strong>+351 912 713 054<\/strong><br \/>\n<b>geral@dfront.pt<\/b><\/p>\n<\/div>\n<\/div>\n[\/vc_column_text][vc_column_text]\n<div class=\"wpb_text_column wpb_content_element post-formatting \">\n<div class=\"wpb_wrapper\">\n<p style=\"text-align: center;\">Thank you,<\/p>\n<p style=\"text-align: center;\">d\u2019front team.<\/p>\n<\/div>\n<\/div>\n[\/vc_column_text][\/vc_column_inner][vc_column_inner column_padding=&#8221;no-extra-padding&#8221; column_padding_tablet=&#8221;inherit&#8221; column_padding_phone=&#8221;inherit&#8221; column_padding_position=&#8221;all&#8221; column_element_direction_desktop=&#8221;default&#8221; column_element_spacing=&#8221;default&#8221; desktop_text_alignment=&#8221;default&#8221; tablet_text_alignment=&#8221;default&#8221; phone_text_alignment=&#8221;default&#8221; background_color_opacity=&#8221;1&#8243; background_hover_color_opacity=&#8221;1&#8243; column_backdrop_filter=&#8221;none&#8221; column_shadow=&#8221;none&#8221; column_border_radius=&#8221;none&#8221; column_link_target=&#8221;_self&#8221; overflow=&#8221;visible&#8221; gradient_direction=&#8221;left_to_right&#8221; overlay_strength=&#8221;0.3&#8243; width=&#8221;1\/4&#8243; tablet_width_inherit=&#8221;default&#8221; animation_type=&#8221;default&#8221; bg_image_animation=&#8221;none&#8221; border_type=&#8221;simple&#8221; column_border_width=&#8221;none&#8221; column_border_style=&#8221;solid&#8221;][\/vc_column_inner][\/vc_row_inner][\/vc_column][\/vc_row]\n","protected":false},"excerpt":{"rendered":"<p>[vc_row type=&#8221;full_width_background&#8221; full_screen_row_position=&#8221;middle&#8221; column_margin=&#8221;default&#8221; column_direction=&#8221;default&#8221; column_direction_tablet=&#8221;default&#8221; column_direction_phone=&#8221;default&#8221; bg_color=&#8221;#000000&#8243; scene_position=&#8221;center&#8221; top_padding=&#8221;10%&#8221; bottom_padding=&#8221;10%&#8221; top_padding_phone=&#8221;10%&#8221; text_color=&#8221;light&#8221; text_align=&#8221;left&#8221; row_border_radius=&#8221;none&#8221; row_border_radius_applies=&#8221;bg&#8221; overflow=&#8221;visible&#8221; overlay_strength=&#8221;0.3&#8243; gradient_direction=&#8221;left_to_right&#8221; shape_divider_position=&#8221;bottom&#8221; bg_image_animation=&#8221;none&#8221; gradient_type=&#8221;default&#8221; shape_type=&#8221;&#8221;][vc_column column_padding=&#8221;no-extra-padding&#8221; column_padding_tablet=&#8221;inherit&#8221; column_padding_phone=&#8221;inherit&#8221; column_padding_position=&#8221;all&#8221; column_element_direction_desktop=&#8221;default&#8221; column_element_spacing=&#8221;default&#8221; desktop_text_alignment=&#8221;default&#8221;&#8230;<\/p>\n","protected":false},"author":3,"featured_media":0,"parent":0,"menu_order":0,"comment_status":"closed","ping_status":"closed","template":"","meta":{"_acf_changed":false,"nf_dc_page":"","inline_featured_image":false,"footnotes":""},"class_list":["post-14217","page","type-page","status-publish"],"acf":[],"yoast_head":"<!-- This site is optimized with the Yoast SEO plugin v27.4 - https:\/\/yoast.com\/product\/yoast-seo-wordpress\/ -->\n<title>Legal Notice - D&#039;FRONT | Ag\u00eancia de Branding<\/title>\n<meta name=\"robots\" content=\"index, follow, max-snippet:-1, max-image-preview:large, max-video-preview:-1\" \/>\n<link rel=\"canonical\" href=\"https:\/\/dfront.pt\/en\/legal-notice\/\" \/>\n<meta property=\"og:locale\" content=\"en_US\" \/>\n<meta property=\"og:type\" content=\"article\" \/>\n<meta property=\"og:title\" content=\"Legal Notice - D&#039;FRONT | Ag\u00eancia de Branding\" \/>\n<meta property=\"og:description\" content=\"[vc_row type=&#8221;full_width_background&#8221; full_screen_row_position=&#8221;middle&#8221; column_margin=&#8221;default&#8221; column_direction=&#8221;default&#8221; column_direction_tablet=&#8221;default&#8221; column_direction_phone=&#8221;default&#8221; bg_color=&#8221;#000000&#8243; scene_position=&#8221;center&#8221; top_padding=&#8221;10%&#8221; bottom_padding=&#8221;10%&#8221; top_padding_phone=&#8221;10%&#8221; text_color=&#8221;light&#8221; text_align=&#8221;left&#8221; row_border_radius=&#8221;none&#8221; row_border_radius_applies=&#8221;bg&#8221; overflow=&#8221;visible&#8221; overlay_strength=&#8221;0.3&#8243; gradient_direction=&#8221;left_to_right&#8221; shape_divider_position=&#8221;bottom&#8221; bg_image_animation=&#8221;none&#8221; gradient_type=&#8221;default&#8221; shape_type=&#8221;&#8221;][vc_column column_padding=&#8221;no-extra-padding&#8221; column_padding_tablet=&#8221;inherit&#8221; column_padding_phone=&#8221;inherit&#8221; column_padding_position=&#8221;all&#8221; column_element_direction_desktop=&#8221;default&#8221; column_element_spacing=&#8221;default&#8221; desktop_text_alignment=&#8221;default&#8221;...\" \/>\n<meta property=\"og:url\" content=\"https:\/\/dfront.pt\/en\/legal-notice\/\" \/>\n<meta property=\"og:site_name\" content=\"D&#039;FRONT | Ag\u00eancia de Branding\" \/>\n<meta property=\"article:publisher\" content=\"https:\/\/www.facebook.com\/dfront\" \/>\n<meta property=\"article:modified_time\" content=\"2023-09-02T13:36:46+00:00\" \/>\n<meta property=\"og:image\" content=\"https:\/\/dfront.pt\/wp-content\/uploads\/2023\/08\/Facebook_graph-copy-806x423-1.jpg\" \/>\n\t<meta property=\"og:image:width\" content=\"806\" \/>\n\t<meta property=\"og:image:height\" content=\"423\" \/>\n\t<meta property=\"og:image:type\" content=\"image\/jpeg\" \/>\n<meta name=\"twitter:card\" content=\"summary_large_image\" \/>\n<meta name=\"twitter:site\" content=\"@dfront_\" \/>\n<meta name=\"twitter:label1\" content=\"Est. reading time\" \/>\n\t<meta name=\"twitter:data1\" content=\"5 minutes\" \/>\n<script type=\"application\/ld+json\" class=\"yoast-schema-graph\">{\"@context\":\"https:\\\/\\\/schema.org\",\"@graph\":[{\"@type\":\"WebPage\",\"@id\":\"https:\\\/\\\/dfront.pt\\\/en\\\/legal-notice\\\/\",\"url\":\"https:\\\/\\\/dfront.pt\\\/en\\\/legal-notice\\\/\",\"name\":\"Legal Notice - D&#039;FRONT | Ag\u00eancia de Branding\",\"isPartOf\":{\"@id\":\"https:\\\/\\\/dfront.pt\\\/en\\\/#website\"},\"datePublished\":\"2023-08-10T10:47:27+00:00\",\"dateModified\":\"2023-09-02T13:36:46+00:00\",\"breadcrumb\":{\"@id\":\"https:\\\/\\\/dfront.pt\\\/en\\\/legal-notice\\\/#breadcrumb\"},\"inLanguage\":\"en-US\",\"potentialAction\":[{\"@type\":\"ReadAction\",\"target\":[\"https:\\\/\\\/dfront.pt\\\/en\\\/legal-notice\\\/\"]}]},{\"@type\":\"BreadcrumbList\",\"@id\":\"https:\\\/\\\/dfront.pt\\\/en\\\/legal-notice\\\/#breadcrumb\",\"itemListElement\":[{\"@type\":\"ListItem\",\"position\":1,\"name\":\"Home\",\"item\":\"https:\\\/\\\/dfront.pt\\\/en\\\/\"},{\"@type\":\"ListItem\",\"position\":2,\"name\":\"Legal Notice\"}]},{\"@type\":\"WebSite\",\"@id\":\"https:\\\/\\\/dfront.pt\\\/en\\\/#website\",\"url\":\"https:\\\/\\\/dfront.pt\\\/en\\\/\",\"name\":\"D'FRONT\",\"description\":\"A D&#039;FRONT \u00e9 ag\u00eancia l\u00edder de design especializada em branding e focada na cria\u00e7\u00e3o e rejuvenescimento das marcas do amanh\u00e3.\",\"publisher\":{\"@id\":\"https:\\\/\\\/dfront.pt\\\/en\\\/#organization\"},\"alternateName\":\"Ag\u00eancia de Branding & Design\",\"potentialAction\":[{\"@type\":\"SearchAction\",\"target\":{\"@type\":\"EntryPoint\",\"urlTemplate\":\"https:\\\/\\\/dfront.pt\\\/en\\\/?s={search_term_string}\"},\"query-input\":{\"@type\":\"PropertyValueSpecification\",\"valueRequired\":true,\"valueName\":\"search_term_string\"}}],\"inLanguage\":\"en-US\"},{\"@type\":\"Organization\",\"@id\":\"https:\\\/\\\/dfront.pt\\\/en\\\/#organization\",\"name\":\"D'FRONT | Ag\u00eancia de Branding\",\"url\":\"https:\\\/\\\/dfront.pt\\\/en\\\/\",\"logo\":{\"@type\":\"ImageObject\",\"inLanguage\":\"en-US\",\"@id\":\"https:\\\/\\\/dfront.pt\\\/en\\\/#\\\/schema\\\/logo\\\/image\\\/\",\"url\":\"https:\\\/\\\/dfront.pt\\\/wp-content\\\/uploads\\\/2023\\\/10\\\/Logo_dfront.jpg\",\"contentUrl\":\"https:\\\/\\\/dfront.pt\\\/wp-content\\\/uploads\\\/2023\\\/10\\\/Logo_dfront.jpg\",\"width\":354,\"height\":70,\"caption\":\"D'FRONT | Ag\u00eancia de Branding\"},\"image\":{\"@id\":\"https:\\\/\\\/dfront.pt\\\/en\\\/#\\\/schema\\\/logo\\\/image\\\/\"},\"sameAs\":[\"https:\\\/\\\/www.facebook.com\\\/dfront\",\"https:\\\/\\\/x.com\\\/dfront_\",\"https:\\\/\\\/www.instagram.com\\\/d_front\\\/\"]}]}<\/script>\n<!-- \/ Yoast SEO plugin. -->","yoast_head_json":{"title":"Legal Notice - D&#039;FRONT | Ag\u00eancia de Branding","robots":{"index":"index","follow":"follow","max-snippet":"max-snippet:-1","max-image-preview":"max-image-preview:large","max-video-preview":"max-video-preview:-1"},"canonical":"https:\/\/dfront.pt\/en\/legal-notice\/","og_locale":"en_US","og_type":"article","og_title":"Legal Notice - D&#039;FRONT | Ag\u00eancia de Branding","og_description":"[vc_row type=&#8221;full_width_background&#8221; full_screen_row_position=&#8221;middle&#8221; column_margin=&#8221;default&#8221; column_direction=&#8221;default&#8221; column_direction_tablet=&#8221;default&#8221; column_direction_phone=&#8221;default&#8221; bg_color=&#8221;#000000&#8243; scene_position=&#8221;center&#8221; top_padding=&#8221;10%&#8221; bottom_padding=&#8221;10%&#8221; top_padding_phone=&#8221;10%&#8221; text_color=&#8221;light&#8221; text_align=&#8221;left&#8221; row_border_radius=&#8221;none&#8221; row_border_radius_applies=&#8221;bg&#8221; overflow=&#8221;visible&#8221; overlay_strength=&#8221;0.3&#8243; gradient_direction=&#8221;left_to_right&#8221; shape_divider_position=&#8221;bottom&#8221; bg_image_animation=&#8221;none&#8221; gradient_type=&#8221;default&#8221; shape_type=&#8221;&#8221;][vc_column column_padding=&#8221;no-extra-padding&#8221; column_padding_tablet=&#8221;inherit&#8221; column_padding_phone=&#8221;inherit&#8221; column_padding_position=&#8221;all&#8221; column_element_direction_desktop=&#8221;default&#8221; column_element_spacing=&#8221;default&#8221; desktop_text_alignment=&#8221;default&#8221;...","og_url":"https:\/\/dfront.pt\/en\/legal-notice\/","og_site_name":"D&#039;FRONT | Ag\u00eancia de Branding","article_publisher":"https:\/\/www.facebook.com\/dfront","article_modified_time":"2023-09-02T13:36:46+00:00","og_image":[{"width":806,"height":423,"url":"https:\/\/dfront.pt\/wp-content\/uploads\/2023\/08\/Facebook_graph-copy-806x423-1.jpg","type":"image\/jpeg"}],"twitter_card":"summary_large_image","twitter_site":"@dfront_","twitter_misc":{"Est. reading time":"5 minutes"},"schema":{"@context":"https:\/\/schema.org","@graph":[{"@type":"WebPage","@id":"https:\/\/dfront.pt\/en\/legal-notice\/","url":"https:\/\/dfront.pt\/en\/legal-notice\/","name":"Legal Notice - D&#039;FRONT | Ag\u00eancia de Branding","isPartOf":{"@id":"https:\/\/dfront.pt\/en\/#website"},"datePublished":"2023-08-10T10:47:27+00:00","dateModified":"2023-09-02T13:36:46+00:00","breadcrumb":{"@id":"https:\/\/dfront.pt\/en\/legal-notice\/#breadcrumb"},"inLanguage":"en-US","potentialAction":[{"@type":"ReadAction","target":["https:\/\/dfront.pt\/en\/legal-notice\/"]}]},{"@type":"BreadcrumbList","@id":"https:\/\/dfront.pt\/en\/legal-notice\/#breadcrumb","itemListElement":[{"@type":"ListItem","position":1,"name":"Home","item":"https:\/\/dfront.pt\/en\/"},{"@type":"ListItem","position":2,"name":"Legal Notice"}]},{"@type":"WebSite","@id":"https:\/\/dfront.pt\/en\/#website","url":"https:\/\/dfront.pt\/en\/","name":"D'FRONT","description":"A D&#039;FRONT \u00e9 ag\u00eancia l\u00edder de design especializada em branding e focada na cria\u00e7\u00e3o e rejuvenescimento das marcas do amanh\u00e3.","publisher":{"@id":"https:\/\/dfront.pt\/en\/#organization"},"alternateName":"Ag\u00eancia de Branding & Design","potentialAction":[{"@type":"SearchAction","target":{"@type":"EntryPoint","urlTemplate":"https:\/\/dfront.pt\/en\/?s={search_term_string}"},"query-input":{"@type":"PropertyValueSpecification","valueRequired":true,"valueName":"search_term_string"}}],"inLanguage":"en-US"},{"@type":"Organization","@id":"https:\/\/dfront.pt\/en\/#organization","name":"D'FRONT | Ag\u00eancia de Branding","url":"https:\/\/dfront.pt\/en\/","logo":{"@type":"ImageObject","inLanguage":"en-US","@id":"https:\/\/dfront.pt\/en\/#\/schema\/logo\/image\/","url":"https:\/\/dfront.pt\/wp-content\/uploads\/2023\/10\/Logo_dfront.jpg","contentUrl":"https:\/\/dfront.pt\/wp-content\/uploads\/2023\/10\/Logo_dfront.jpg","width":354,"height":70,"caption":"D'FRONT | Ag\u00eancia de Branding"},"image":{"@id":"https:\/\/dfront.pt\/en\/#\/schema\/logo\/image\/"},"sameAs":["https:\/\/www.facebook.com\/dfront","https:\/\/x.com\/dfront_","https:\/\/www.instagram.com\/d_front\/"]}]}},"_links":{"self":[{"href":"https:\/\/dfront.pt\/en\/wp-json\/wp\/v2\/pages\/14217","targetHints":{"allow":["GET"]}}],"collection":[{"href":"https:\/\/dfront.pt\/en\/wp-json\/wp\/v2\/pages"}],"about":[{"href":"https:\/\/dfront.pt\/en\/wp-json\/wp\/v2\/types\/page"}],"author":[{"embeddable":true,"href":"https:\/\/dfront.pt\/en\/wp-json\/wp\/v2\/users\/3"}],"replies":[{"embeddable":true,"href":"https:\/\/dfront.pt\/en\/wp-json\/wp\/v2\/comments?post=14217"}],"version-history":[{"count":5,"href":"https:\/\/dfront.pt\/en\/wp-json\/wp\/v2\/pages\/14217\/revisions"}],"predecessor-version":[{"id":14222,"href":"https:\/\/dfront.pt\/en\/wp-json\/wp\/v2\/pages\/14217\/revisions\/14222"}],"wp:attachment":[{"href":"https:\/\/dfront.pt\/en\/wp-json\/wp\/v2\/media?parent=14217"}],"curies":[{"name":"wp","href":"https:\/\/api.w.org\/{rel}","templated":true}]}}